{"id":12236,"date":"2023-12-19T16:58:31","date_gmt":"2023-12-19T16:58:31","guid":{"rendered":"https:\/\/datama.io\/contact\/"},"modified":"2026-01-29T15:22:54","modified_gmt":"2026-01-29T15:22:54","slug":"contactez-nous","status":"publish","type":"page","link":"https:\/\/datama.io\/fr\/contactez-nous\/","title":{"rendered":"Contact"},"content":{"rendered":"\t\t<div data-elementor-type=\"wp-page\" data-elementor-id=\"12236\" class=\"elementor elementor-12236 elementor-23\" data-elementor-post-type=\"page\">\n\t\t\t\t<div class=\"elementor-element elementor-element-a96349c e-flex e-con-boxed e-con e-parent\" data-id=\"a96349c\" data-element_type=\"container\" data-e-type=\"container\" data-settings=\"{&quot;background_background&quot;:&quot;gradient&quot;}\">\n\t\t\t\t\t<div class=\"e-con-inner\">\n\t\t\t\t<div class=\"elementor-element elementor-element-8c826a2 elementor-widget elementor-widget-spacer\" data-id=\"8c826a2\" data-element_type=\"widget\" data-e-type=\"widget\" data-widget_type=\"spacer.default\">\n\t\t\t\t<div class=\"elementor-widget-container\">\n\t\t\t\t\t\t\t<div class=\"elementor-spacer\">\n\t\t\t<div class=\"elementor-spacer-inner\"><\/div>\n\t\t<\/div>\n\t\t\t\t\t\t<\/div>\n\t\t\t\t<\/div>\n\t\t\t\t<div class=\"elementor-element elementor-element-254e160 elementor-widget__width-initial elementor-widget elementor-widget-heading\" data-id=\"254e160\" data-element_type=\"widget\" data-e-type=\"widget\" data-widget_type=\"heading.default\">\n\t\t\t\t<div class=\"elementor-widget-container\">\n\t\t\t\t\t<h1 class=\"elementor-heading-title elementor-size-default\">Contact.<\/h1>\t\t\t\t<\/div>\n\t\t\t\t<\/div>\n\t\t\t\t<div class=\"elementor-element elementor-element-548e94c elementor-widget elementor-widget-text-editor\" data-id=\"548e94c\" data-element_type=\"widget\" data-e-type=\"widget\" data-widget_type=\"text-editor.default\">\n\t\t\t\t<div class=\"elementor-widget-container\">\n\t\t\t\t\t\t\t\t\t<p>Contactez-nous pour toute question ou une d\u00e9mo gratuite.<br \/>Laissez-nous votre message, nous vous recontacterons rapidement !<\/p>\n\t\t\t\t\t\t\t\t<\/div>\n\t\t\t\t<\/div>\n\t\t\t\t<div class=\"elementor-element elementor-element-01c5cb0 elementor-widget elementor-widget-image\" data-id=\"01c5cb0\" data-element_type=\"widget\" data-e-type=\"widget\" data-widget_type=\"image.default\">\n\t\t\t\t<div class=\"elementor-widget-container\">\n\t\t\t\t\t\t\t\t\t\t\t\t\t\t\t<img fetchpriority=\"high\" decoding=\"async\" width=\"800\" height=\"791\" src=\"https:\/\/datama.io\/wp-content\/uploads\/2024\/02\/Group-44.png\" class=\"attachment-large size-large wp-image-13802\" alt=\"\" srcset=\"https:\/\/datama.io\/wp-content\/uploads\/2024\/02\/Group-44.png 840w, https:\/\/datama.io\/wp-content\/uploads\/2024\/02\/Group-44-300x297.png 300w, https:\/\/datama.io\/wp-content\/uploads\/2024\/02\/Group-44-768x760.png 768w\" sizes=\"(max-width: 800px) 100vw, 800px\" \/>\t\t\t\t\t\t\t\t\t\t\t\t\t\t\t<\/div>\n\t\t\t\t<\/div>\n\t\t\t\t\t<\/div>\n\t\t\t\t<\/div>\n\t\t<div class=\"elementor-element elementor-element-ef1e4fb e-flex e-con-boxed e-con e-parent\" data-id=\"ef1e4fb\" data-element_type=\"container\" data-e-type=\"container\">\n\t\t\t\t\t<div class=\"e-con-inner\">\n\t\t\t\t<div class=\"elementor-element elementor-element-89094c2 elementor-button-align-center elementor-widget elementor-widget-form\" data-id=\"89094c2\" data-element_type=\"widget\" data-e-type=\"widget\" data-settings=\"{&quot;step_next_label&quot;:&quot;Suivant&quot;,&quot;step_previous_label&quot;:&quot;Pr\\u00e9c\\u00e9dent&quot;,&quot;button_width&quot;:&quot;100&quot;,&quot;step_type&quot;:&quot;number_text&quot;,&quot;step_icon_shape&quot;:&quot;circle&quot;}\" data-widget_type=\"form.default\">\n\t\t\t\t<div class=\"elementor-widget-container\">\n\t\t\t\t\t\t\t<form class=\"elementor-form\" method=\"post\" id=\"Site_contact_form_EN\" name=\"Nouveau formulaire\" aria-label=\"Nouveau formulaire\">\n\t\t\t<input type=\"hidden\" name=\"post_id\" value=\"12236\"\/>\n\t\t\t<input type=\"hidden\" name=\"form_id\" value=\"89094c2\"\/>\n\t\t\t<input type=\"hidden\" name=\"referer_title\" value=\"Contact - Datama\" \/>\n\n\t\t\t\t\t\t\t<input type=\"hidden\" name=\"queried_id\" value=\"12236\"\/>\n\t\t\t\n\t\t\t<div class=\"elementor-form-fields-wrapper elementor-labels-\">\n\t\t\t\t\t\t\t\t<div class=\"elementor-field-type-text elementor-field-group elementor-column elementor-field-group-name elementor-col-50 elementor-field-required\">\n\t\t\t\t\t\t\t\t\t\t\t\t<label for=\"form-field-name\" class=\"elementor-field-label elementor-screen-only\">\n\t\t\t\t\t\t\t\tPr\u00e9nom\t\t\t\t\t\t\t<\/label>\n\t\t\t\t\t\t\t\t\t\t\t\t\t\t<input size=\"1\" type=\"text\" name=\"form_fields[name]\" id=\"form-field-name\" class=\"elementor-field elementor-size-sm  elementor-field-textual\" placeholder=\"Pr\u00e9nom*\" required=\"required\">\n\t\t\t\t\t\t\t\t\t\t\t<\/div>\n\t\t\t\t\t\t\t\t<div class=\"elementor-field-type-text elementor-field-group elementor-column elementor-field-group-field_72887ac elementor-col-50 elementor-field-required\">\n\t\t\t\t\t\t\t\t\t\t\t\t<label for=\"form-field-field_72887ac\" class=\"elementor-field-label elementor-screen-only\">\n\t\t\t\t\t\t\t\tNom\t\t\t\t\t\t\t<\/label>\n\t\t\t\t\t\t\t\t\t\t\t\t\t\t<input size=\"1\" type=\"text\" name=\"form_fields[field_72887ac]\" id=\"form-field-field_72887ac\" class=\"elementor-field elementor-size-sm  elementor-field-textual\" placeholder=\"Nom*\" required=\"required\">\n\t\t\t\t\t\t\t\t\t\t\t<\/div>\n\t\t\t\t\t\t\t\t<div class=\"elementor-field-type-email elementor-field-group elementor-column elementor-field-group-email elementor-col-50 elementor-field-required\">\n\t\t\t\t\t\t\t\t\t\t\t\t<label for=\"form-field-email\" class=\"elementor-field-label elementor-screen-only\">\n\t\t\t\t\t\t\t\tEmail\t\t\t\t\t\t\t<\/label>\n\t\t\t\t\t\t\t\t\t\t\t\t\t\t<input size=\"1\" type=\"email\" name=\"form_fields[email]\" id=\"form-field-email\" class=\"elementor-field elementor-size-sm  elementor-field-textual\" placeholder=\"Email*\" required=\"required\">\n\t\t\t\t\t\t\t\t\t\t\t<\/div>\n\t\t\t\t\t\t\t\t<div class=\"elementor-field-type-text elementor-field-group elementor-column elementor-field-group-field_f2755d9 elementor-col-50 elementor-field-required\">\n\t\t\t\t\t\t\t\t\t\t\t\t<label for=\"form-field-field_f2755d9\" class=\"elementor-field-label elementor-screen-only\">\n\t\t\t\t\t\t\t\tNom de l'entreprise\t\t\t\t\t\t\t<\/label>\n\t\t\t\t\t\t\t\t\t\t\t\t\t\t<input size=\"1\" type=\"text\" name=\"form_fields[field_f2755d9]\" id=\"form-field-field_f2755d9\" class=\"elementor-field elementor-size-sm  elementor-field-textual\" placeholder=\"Nom de l&#039;entreprise*\" required=\"required\">\n\t\t\t\t\t\t\t\t\t\t\t<\/div>\n\t\t\t\t\t\t\t\t<div class=\"elementor-field-type-text\">\n\t\t\t\t\t<input size=\"1\" type=\"text\" name=\"form_fields[field_c5b10f8]\" id=\"form-field-field_c5b10f8\" class=\"elementor-field elementor-size-sm \" style=\"display:none !important;\">\t\t\t\t<\/div>\n\t\t\t\t\t\t\t\t<div class=\"elementor-field-type-textarea elementor-field-group elementor-column elementor-field-group-message elementor-col-100\">\n\t\t\t\t\t\t\t\t\t\t\t\t<label for=\"form-field-message\" class=\"elementor-field-label elementor-screen-only\">\n\t\t\t\t\t\t\t\tMessage\t\t\t\t\t\t\t<\/label>\n\t\t\t\t\t\t<textarea class=\"elementor-field-textual elementor-field  elementor-size-sm\" name=\"form_fields[message]\" id=\"form-field-message\" rows=\"4\" placeholder=\"Message\"><\/textarea>\t\t\t\t<\/div>\n\t\t\t\t\t\t\t\t<div class=\"elementor-field-type-acceptance elementor-field-group elementor-column elementor-field-group-field_c4d6fd0 elementor-col-100\">\n\t\t\t\t\t\t\t<div class=\"elementor-field-subgroup\">\n\t\t\t<span class=\"elementor-field-option\">\n\t\t\t\t<input type=\"checkbox\" name=\"form_fields[field_c4d6fd0]\" id=\"form-field-field_c4d6fd0\" class=\"elementor-field elementor-size-sm  elementor-acceptance-field\">\n\t\t\t\t<label for=\"form-field-field_c4d6fd0\">En remplissant ce formulaire, vous consentez \u00e0 ce que DataMa, en sa qualit\u00e9 de responsable de traitement, collecte vos donn\u00e9es afin de pouvoir r\u00e9pondre \u00e0 votre message. Pour faire valoir votre droit d'acc\u00e8s ou d'effacement, consultez notre <a href=\"https:\/\/datama.io\/privacy-policy\/\">politique de confidentialit\u00e9<\/a>.<\/label>\t\t\t<\/span>\n\t\t<\/div>\n\t\t\t\t\t\t<\/div>\n\t\t\t\t\t\t\t\t<div class=\"elementor-field-group elementor-column elementor-field-type-submit elementor-col-100 e-form__buttons\">\n\t\t\t\t\t<button class=\"elementor-button elementor-size-md\" type=\"submit\">\n\t\t\t\t\t\t<span class=\"elementor-button-content-wrapper\">\n\t\t\t\t\t\t\t\t\t\t\t\t\t\t\t\t\t\t\t\t\t\t<span class=\"elementor-button-text\">Envoyer<\/span>\n\t\t\t\t\t\t\t\t\t\t\t\t\t<\/span>\n\t\t\t\t\t<\/button>\n\t\t\t\t<\/div>\n\t\t\t<\/div>\n\t\t<\/form>\n\t\t\t\t\t\t<\/div>\n\t\t\t\t<\/div>\n\t\t\t\t\t<\/div>\n\t\t\t\t<\/div>\n\t\t\t\t<\/div>\n\t\t","protected":false},"excerpt":{"rendered":"<p>Contact. Contactez-nous pour toute question ou une d\u00e9mo gratuite.Laissez-nous votre message, nous vous recontacterons rapidement !<\/p>\n","protected":false},"author":1,"featured_media":13802,"parent":0,"menu_order":0,"comment_status":"closed","ping_status":"closed","template":"","meta":{"content-type":"","_monsterinsights_skip_tracking":false,"_monsterinsights_sitenote_active":false,"_monsterinsights_sitenote_note":"","_monsterinsights_sitenote_category":0,"footnotes":""},"class_list":["post-12236","page","type-page","status-publish","has-post-thumbnail","hentry"],"yoast_head":"<!-- This site is optimized with the Yoast SEO plugin v27.1.1 - https:\/\/yoast.com\/product\/yoast-seo-wordpress\/ -->\n<title>Contact - Datama<\/title>\n<meta name=\"description\" content=\"Contactez-nous pour discuter de vos projets, vos dashboards, vos besoins, ou encore vos envies ! D\u00e8s que ca s&#039;analyse, on peut en parler !\" \/>\n<meta name=\"robots\" content=\"index, follow, max-snippet:-1, max-image-preview:large, max-video-preview:-1\" \/>\n<link rel=\"canonical\" href=\"https:\/\/datama.io\/fr\/contactez-nous\/\" \/>\n<meta property=\"og:locale\" content=\"fr_FR\" \/>\n<meta property=\"og:type\" content=\"article\" \/>\n<meta property=\"og:title\" content=\"Contact - Datama\" \/>\n<meta property=\"og:description\" content=\"Contactez-nous pour discuter de vos projets, vos dashboards, vos besoins, ou encore vos envies ! D\u00e8s que ca s&#039;analyse, on peut en parler !\" \/>\n<meta property=\"og:url\" content=\"https:\/\/datama.io\/fr\/contactez-nous\/\" \/>\n<meta property=\"og:site_name\" content=\"Datama\" \/>\n<meta property=\"article:modified_time\" content=\"2026-01-29T15:22:54+00:00\" \/>\n<meta property=\"og:image\" content=\"https:\/\/datama.io\/wp-content\/uploads\/2024\/02\/Group-44.png\" \/>\n\t<meta property=\"og:image:width\" content=\"840\" \/>\n\t<meta property=\"og:image:height\" content=\"831\" \/>\n\t<meta property=\"og:image:type\" content=\"image\/png\" \/>\n<meta name=\"twitter:card\" content=\"summary_large_image\" \/>\n<meta name=\"twitter:site\" content=\"@datama_solution\" \/>\n<meta name=\"twitter:label1\" content=\"Dur\u00e9e de lecture estim\u00e9e\" \/>\n\t<meta name=\"twitter:data1\" content=\"1 minute\" \/>\n<script type=\"application\/ld+json\" class=\"yoast-schema-graph\">{\"@context\":\"https:\/\/schema.org\",\"@graph\":[{\"@type\":\"WebPage\",\"@id\":\"https:\/\/datama.io\/fr\/contactez-nous\/\",\"url\":\"https:\/\/datama.io\/fr\/contactez-nous\/\",\"name\":\"Contact - Datama\",\"isPartOf\":{\"@id\":\"https:\/\/datama.io\/fr\/#website\"},\"primaryImageOfPage\":{\"@id\":\"https:\/\/datama.io\/fr\/contactez-nous\/#primaryimage\"},\"image\":{\"@id\":\"https:\/\/datama.io\/fr\/contactez-nous\/#primaryimage\"},\"thumbnailUrl\":\"https:\/\/datama.io\/wp-content\/uploads\/2024\/02\/Group-44.png\",\"datePublished\":\"2023-12-19T16:58:31+00:00\",\"dateModified\":\"2026-01-29T15:22:54+00:00\",\"description\":\"Contactez-nous pour discuter de vos projets, vos dashboards, vos besoins, ou encore vos envies ! D\u00e8s que ca s'analyse, on peut en parler !\",\"breadcrumb\":{\"@id\":\"https:\/\/datama.io\/fr\/contactez-nous\/#breadcrumb\"},\"inLanguage\":\"fr-FR\",\"potentialAction\":[{\"@type\":\"ReadAction\",\"target\":[\"https:\/\/datama.io\/fr\/contactez-nous\/\"]}]},{\"@type\":\"ImageObject\",\"inLanguage\":\"fr-FR\",\"@id\":\"https:\/\/datama.io\/fr\/contactez-nous\/#primaryimage\",\"url\":\"https:\/\/datama.io\/wp-content\/uploads\/2024\/02\/Group-44.png\",\"contentUrl\":\"https:\/\/datama.io\/wp-content\/uploads\/2024\/02\/Group-44.png\",\"width\":840,\"height\":831},{\"@type\":\"BreadcrumbList\",\"@id\":\"https:\/\/datama.io\/fr\/contactez-nous\/#breadcrumb\",\"itemListElement\":[{\"@type\":\"ListItem\",\"position\":1,\"name\":\"Accueil\",\"item\":\"https:\/\/datama.io\/fr\/accueil\/\"},{\"@type\":\"ListItem\",\"position\":2,\"name\":\"Contact\"}]},{\"@type\":\"WebSite\",\"@id\":\"https:\/\/datama.io\/fr\/#website\",\"url\":\"https:\/\/datama.io\/fr\/\",\"name\":\"Datama\",\"description\":\"\",\"publisher\":{\"@id\":\"https:\/\/datama.io\/fr\/#organization\"},\"potentialAction\":[{\"@type\":\"SearchAction\",\"target\":{\"@type\":\"EntryPoint\",\"urlTemplate\":\"https:\/\/datama.io\/fr\/?s={search_term_string}\"},\"query-input\":{\"@type\":\"PropertyValueSpecification\",\"valueRequired\":true,\"valueName\":\"search_term_string\"}}],\"inLanguage\":\"fr-FR\"},{\"@type\":\"Organization\",\"@id\":\"https:\/\/datama.io\/fr\/#organization\",\"name\":\"Datama\",\"url\":\"https:\/\/datama.io\/fr\/\",\"logo\":{\"@type\":\"ImageObject\",\"inLanguage\":\"fr-FR\",\"@id\":\"https:\/\/datama.io\/fr\/#\/schema\/logo\/image\/\",\"url\":\"https:\/\/datama.io\/wp-content\/uploads\/2023\/12\/cropped-Logo-Datama.png\",\"contentUrl\":\"https:\/\/datama.io\/wp-content\/uploads\/2023\/12\/cropped-Logo-Datama.png\",\"width\":400,\"height\":100,\"caption\":\"Datama\"},\"image\":{\"@id\":\"https:\/\/datama.io\/fr\/#\/schema\/logo\/image\/\"},\"sameAs\":[\"https:\/\/x.com\/datama_solution\",\"https:\/\/www.linkedin.com\/company\/datama\/\",\"https:\/\/www.youtube.com\/channel\/UCoxfesECCiubm0XLCXcN3TA\/featured\"]}]}<\/script>\n<!-- \/ Yoast SEO plugin. -->","yoast_head_json":{"title":"Contact - Datama","description":"Contactez-nous pour discuter de vos projets, vos dashboards, vos besoins, ou encore vos envies ! D\u00e8s que ca s'analyse, on peut en parler !","robots":{"index":"index","follow":"follow","max-snippet":"max-snippet:-1","max-image-preview":"max-image-preview:large","max-video-preview":"max-video-preview:-1"},"canonical":"https:\/\/datama.io\/fr\/contactez-nous\/","og_locale":"fr_FR","og_type":"article","og_title":"Contact - Datama","og_description":"Contactez-nous pour discuter de vos projets, vos dashboards, vos besoins, ou encore vos envies ! D\u00e8s que ca s'analyse, on peut en parler !","og_url":"https:\/\/datama.io\/fr\/contactez-nous\/","og_site_name":"Datama","article_modified_time":"2026-01-29T15:22:54+00:00","og_image":[{"width":840,"height":831,"url":"https:\/\/datama.io\/wp-content\/uploads\/2024\/02\/Group-44.png","type":"image\/png"}],"twitter_card":"summary_large_image","twitter_site":"@datama_solution","twitter_misc":{"Dur\u00e9e de lecture estim\u00e9e":"1 minute"},"schema":{"@context":"https:\/\/schema.org","@graph":[{"@type":"WebPage","@id":"https:\/\/datama.io\/fr\/contactez-nous\/","url":"https:\/\/datama.io\/fr\/contactez-nous\/","name":"Contact - Datama","isPartOf":{"@id":"https:\/\/datama.io\/fr\/#website"},"primaryImageOfPage":{"@id":"https:\/\/datama.io\/fr\/contactez-nous\/#primaryimage"},"image":{"@id":"https:\/\/datama.io\/fr\/contactez-nous\/#primaryimage"},"thumbnailUrl":"https:\/\/datama.io\/wp-content\/uploads\/2024\/02\/Group-44.png","datePublished":"2023-12-19T16:58:31+00:00","dateModified":"2026-01-29T15:22:54+00:00","description":"Contactez-nous pour discuter de vos projets, vos dashboards, vos besoins, ou encore vos envies ! D\u00e8s que ca s'analyse, on peut en parler !","breadcrumb":{"@id":"https:\/\/datama.io\/fr\/contactez-nous\/#breadcrumb"},"inLanguage":"fr-FR","potentialAction":[{"@type":"ReadAction","target":["https:\/\/datama.io\/fr\/contactez-nous\/"]}]},{"@type":"ImageObject","inLanguage":"fr-FR","@id":"https:\/\/datama.io\/fr\/contactez-nous\/#primaryimage","url":"https:\/\/datama.io\/wp-content\/uploads\/2024\/02\/Group-44.png","contentUrl":"https:\/\/datama.io\/wp-content\/uploads\/2024\/02\/Group-44.png","width":840,"height":831},{"@type":"BreadcrumbList","@id":"https:\/\/datama.io\/fr\/contactez-nous\/#breadcrumb","itemListElement":[{"@type":"ListItem","position":1,"name":"Accueil","item":"https:\/\/datama.io\/fr\/accueil\/"},{"@type":"ListItem","position":2,"name":"Contact"}]},{"@type":"WebSite","@id":"https:\/\/datama.io\/fr\/#website","url":"https:\/\/datama.io\/fr\/","name":"Datama","description":"","publisher":{"@id":"https:\/\/datama.io\/fr\/#organization"},"potentialAction":[{"@type":"SearchAction","target":{"@type":"EntryPoint","urlTemplate":"https:\/\/datama.io\/fr\/?s={search_term_string}"},"query-input":{"@type":"PropertyValueSpecification","valueRequired":true,"valueName":"search_term_string"}}],"inLanguage":"fr-FR"},{"@type":"Organization","@id":"https:\/\/datama.io\/fr\/#organization","name":"Datama","url":"https:\/\/datama.io\/fr\/","logo":{"@type":"ImageObject","inLanguage":"fr-FR","@id":"https:\/\/datama.io\/fr\/#\/schema\/logo\/image\/","url":"https:\/\/datama.io\/wp-content\/uploads\/2023\/12\/cropped-Logo-Datama.png","contentUrl":"https:\/\/datama.io\/wp-content\/uploads\/2023\/12\/cropped-Logo-Datama.png","width":400,"height":100,"caption":"Datama"},"image":{"@id":"https:\/\/datama.io\/fr\/#\/schema\/logo\/image\/"},"sameAs":["https:\/\/x.com\/datama_solution","https:\/\/www.linkedin.com\/company\/datama\/","https:\/\/www.youtube.com\/channel\/UCoxfesECCiubm0XLCXcN3TA\/featured"]}]}},"_links":{"self":[{"href":"https:\/\/datama.io\/fr\/wp-json\/wp\/v2\/pages\/12236","targetHints":{"allow":["GET"]}}],"collection":[{"href":"https:\/\/datama.io\/fr\/wp-json\/wp\/v2\/pages"}],"about":[{"href":"https:\/\/datama.io\/fr\/wp-json\/wp\/v2\/types\/page"}],"author":[{"embeddable":true,"href":"https:\/\/datama.io\/fr\/wp-json\/wp\/v2\/users\/1"}],"replies":[{"embeddable":true,"href":"https:\/\/datama.io\/fr\/wp-json\/wp\/v2\/comments?post=12236"}],"version-history":[{"count":3,"href":"https:\/\/datama.io\/fr\/wp-json\/wp\/v2\/pages\/12236\/revisions"}],"predecessor-version":[{"id":13807,"href":"https:\/\/datama.io\/fr\/wp-json\/wp\/v2\/pages\/12236\/revisions\/13807"}],"wp:featuredmedia":[{"embeddable":true,"href":"https:\/\/datama.io\/fr\/wp-json\/wp\/v2\/media\/13802"}],"wp:attachment":[{"href":"https:\/\/datama.io\/fr\/wp-json\/wp\/v2\/media?parent=12236"}],"curies":[{"name":"wp","href":"https:\/\/api.w.org\/{rel}","templated":true}]}}