{"id":12261,"date":"2023-12-19T16:59:42","date_gmt":"2023-12-19T16:59:42","guid":{"rendered":"https:\/\/datama.io\/articles\/"},"modified":"2025-02-04T17:46:51","modified_gmt":"2025-02-04T17:46:51","slug":"actualites","status":"publish","type":"page","link":"https:\/\/datama.io\/fr\/actualites\/","title":{"rendered":"Actualit\u00e9s"},"content":{"rendered":"\t\t<div data-elementor-type=\"wp-page\" data-elementor-id=\"12261\" class=\"elementor elementor-12261 elementor-27\" data-elementor-post-type=\"page\">\n\t\t\t\t<div class=\"elementor-element elementor-element-8d52ba1 e-flex e-con-boxed e-con e-parent\" data-id=\"8d52ba1\" data-element_type=\"container\" data-e-type=\"container\" data-settings=\"{&quot;background_background&quot;:&quot;gradient&quot;}\">\n\t\t\t\t\t<div class=\"e-con-inner\">\n\t\t\t\t<div class=\"elementor-element elementor-element-994e24f elementor-widget elementor-widget-heading\" data-id=\"994e24f\" data-element_type=\"widget\" data-e-type=\"widget\" data-widget_type=\"heading.default\">\n\t\t\t\t<div class=\"elementor-widget-container\">\n\t\t\t\t\t<h1 class=\"elementor-heading-title elementor-size-default\">Actualit\u00e9s &amp; <span style=\"color:#16d0b4\"> <b>articles<span style=\"color:#00484A\"><b>.<\/h1>\t\t\t\t<\/div>\n\t\t\t\t<\/div>\n\t\t\t\t<div class=\"elementor-element elementor-element-e3431e7 elementor-widget elementor-widget-image\" data-id=\"e3431e7\" data-element_type=\"widget\" data-e-type=\"widget\" data-widget_type=\"image.default\">\n\t\t\t\t<div class=\"elementor-widget-container\">\n\t\t\t\t\t\t\t\t\t\t\t\t\t\t\t<img fetchpriority=\"high\" decoding=\"async\" width=\"712\" height=\"701\" src=\"https:\/\/datama.io\/wp-content\/uploads\/2024\/02\/Group-70.png\" class=\"attachment-large size-large wp-image-13919\" alt=\"\" srcset=\"https:\/\/datama.io\/wp-content\/uploads\/2024\/02\/Group-70.png 712w, https:\/\/datama.io\/wp-content\/uploads\/2024\/02\/Group-70-300x295.png 300w\" sizes=\"(max-width: 712px) 100vw, 712px\" \/>\t\t\t\t\t\t\t\t\t\t\t\t\t\t\t<\/div>\n\t\t\t\t<\/div>\n\t\t\t\t\t<\/div>\n\t\t\t\t<\/div>\n\t\t<div class=\"elementor-element elementor-element-61ef8f5 e-flex e-con-boxed e-con e-parent\" data-id=\"61ef8f5\" data-element_type=\"container\" data-e-type=\"container\" data-settings=\"{&quot;background_background&quot;:&quot;classic&quot;}\">\n\t\t\t\t\t<div class=\"e-con-inner\">\n\t\t\t\t<div class=\"elementor-element elementor-element-269d178 elementor-widget__width-initial elementor-search-form--skin-classic elementor-search-form--button-type-icon elementor-search-form--icon-search elementor-widget elementor-widget-search-form\" data-id=\"269d178\" data-element_type=\"widget\" data-e-type=\"widget\" data-settings=\"{&quot;skin&quot;:&quot;classic&quot;}\" data-widget_type=\"search-form.default\">\n\t\t\t\t<div class=\"elementor-widget-container\">\n\t\t\t\t\t\t\t<search role=\"search\">\n\t\t\t<form class=\"elementor-search-form\" action=\"https:\/\/datama.io\/fr\/\" method=\"get\">\n\t\t\t\t\t\t\t\t\t\t\t\t<div class=\"elementor-search-form__container\">\n\t\t\t\t\t<label class=\"elementor-screen-only\" for=\"elementor-search-form-269d178\">Rechercher <\/label>\n\n\t\t\t\t\t\n\t\t\t\t\t<input id=\"elementor-search-form-269d178\" placeholder=\"Rechercher\" class=\"elementor-search-form__input\" type=\"search\" name=\"s\" value=\"\">\n\t\t\t\t\t<input type='hidden' name='lang' value='fr' \/>\n\t\t\t\t\t\t\t\t\t\t\t<button class=\"elementor-search-form__submit\" type=\"submit\" aria-label=\"Rechercher \">\n\t\t\t\t\t\t\t\t\t\t\t\t\t\t\t<div class=\"e-font-icon-svg-container\"><svg class=\"fa fa-search e-font-icon-svg e-fas-search\" viewBox=\"0 0 512 512\" xmlns=\"http:\/\/www.w3.org\/2000\/svg\"><path d=\"M505 442.7L405.3 343c-4.5-4.5-10.6-7-17-7H372c27.6-35.3 44-79.7 44-128C416 93.1 322.9 0 208 0S0 93.1 0 208s93.1 208 208 208c48.3 0 92.7-16.4 128-44v16.3c0 6.4 2.5 12.5 7 17l99.7 99.7c9.4 9.4 24.6 9.4 33.9 0l28.3-28.3c9.4-9.4 9.4-24.6.1-34zM208 336c-70.7 0-128-57.2-128-128 0-70.7 57.2-128 128-128 70.7 0 128 57.2 128 128 0 70.7-57.2 128-128 128z\"><\/path><\/svg><\/div>\t\t\t\t\t\t\t\t\t\t\t\t\t<\/button>\n\t\t\t\t\t\n\t\t\t\t\t\t\t\t\t<\/div>\n\t\t\t<\/form>\n\t\t<\/search>\n\t\t\t\t\t\t<\/div>\n\t\t\t\t<\/div>\n\t\t\t\t<div class=\"elementor-element elementor-element-11aeeb8 e-n-tabs-none elementor-widget elementor-widget-n-tabs\" data-id=\"11aeeb8\" data-element_type=\"widget\" data-e-type=\"widget\" data-settings=\"{&quot;tabs_justify_horizontal&quot;:&quot;center&quot;,&quot;tabs_justify_horizontal_mobile&quot;:&quot;stretch&quot;,&quot;horizontal_scroll&quot;:&quot;enable&quot;,&quot;horizontal_scroll_mobile&quot;:&quot;enable&quot;}\" data-widget_type=\"nested-tabs.default\">\n\t\t\t\t<div class=\"elementor-widget-container\">\n\t\t\t\t\t\t\t<div class=\"e-n-tabs\" data-widget-number=\"18542264\" aria-label=\"Onglets. Ouvrez des \u00e9l\u00e9ments avec Entrer ou Espace, fermez-les avec Echape et naviguez \u00e0 l&#039;aide des touches fl\u00e9ch\u00e9es.\">\n\t\t\t<div class=\"e-n-tabs-heading\" role=\"tablist\">\n\t\t\t\t\t<button id=\"use-case\" data-tab-title-id=\"e-n-tab-title-185422641\" class=\"e-n-tab-title\" aria-selected=\"true\" data-tab-index=\"1\" role=\"tab\" tabindex=\"0\" aria-controls=\"e-n-tab-content-185422641\" style=\"--n-tabs-title-order: 1;\">\n\t\t\t\t\t\t<span class=\"e-n-tab-title-text\">\n\t\t\t\tUse cases\t\t\t<\/span>\n\t\t<\/button>\n\t\t\t\t<button id=\"articles\" data-tab-title-id=\"e-n-tab-title-185422642\" class=\"e-n-tab-title\" aria-selected=\"false\" data-tab-index=\"2\" role=\"tab\" tabindex=\"-1\" aria-controls=\"e-n-tab-content-185422642\" style=\"--n-tabs-title-order: 2;\">\n\t\t\t\t\t\t<span class=\"e-n-tab-title-text\">\n\t\t\t\tArticles\t\t\t<\/span>\n\t\t<\/button>\n\t\t\t\t<button id=\"news\" data-tab-title-id=\"e-n-tab-title-185422643\" class=\"e-n-tab-title\" aria-selected=\"false\" data-tab-index=\"3\" role=\"tab\" tabindex=\"-1\" aria-controls=\"e-n-tab-content-185422643\" style=\"--n-tabs-title-order: 3;\">\n\t\t\t\t\t\t<span class=\"e-n-tab-title-text\">\n\t\t\t\tActualit\u00e9s\t\t\t<\/span>\n\t\t<\/button>\n\t\t\t\t\t<\/div>\n\t\t\t<div class=\"e-n-tabs-content\">\n\t\t\t\t<div id=\"e-n-tab-content-185422641\" role=\"tabpanel\" aria-labelledby=\"use-case\" data-tab-index=\"1\" style=\"--n-tabs-title-order: 1;\" class=\"e-active elementor-element elementor-element-c3f66d3 e-flex e-con-boxed e-con e-child\" data-id=\"c3f66d3\" data-element_type=\"container\" data-e-type=\"container\">\n\t\t\t\t\t<div class=\"e-con-inner\">\n\t\t\t\t\t<\/div>\n\t\t\t\t<\/div>\n\t\t<div id=\"e-n-tab-content-185422642\" role=\"tabpanel\" aria-labelledby=\"articles\" data-tab-index=\"2\" style=\"--n-tabs-title-order: 2;\" class=\" elementor-element elementor-element-8d418fb e-con-full e-flex e-con e-child\" data-id=\"8d418fb\" data-element_type=\"container\" data-e-type=\"container\">\n\t\t\t\t<\/div>\n\t\t<div id=\"e-n-tab-content-185422643\" role=\"tabpanel\" aria-labelledby=\"news\" data-tab-index=\"3\" style=\"--n-tabs-title-order: 3;\" class=\" elementor-element elementor-element-2e5b176 e-con-full e-flex e-con e-child\" data-id=\"2e5b176\" data-element_type=\"container\" data-e-type=\"container\">\n\t\t\t\t<\/div>\n\t\t\t\t\t<\/div>\n\t\t<\/div>\n\t\t\t\t\t\t<\/div>\n\t\t\t\t<\/div>\n\t\t\t\t\t<\/div>\n\t\t\t\t<\/div>\n\t\t\t\t<\/div>\n\t\t","protected":false},"excerpt":{"rendered":"<p>Actualit\u00e9s &amp; articles. Use cases Articles Actualit\u00e9s Use Case #10: Using Datama Journey for Filter Optimization at JOTT 15 July 2024 Use case #9 happn subscription performance 5 March 2024 Use case #8 Exec Weekly business monitoring at TheFork 7 February 2024 Use case #7: Lacoste Conversion Funnel Monitoring 9 June 2023 Use case #6: [&hellip;]<\/p>\n","protected":false},"author":1,"featured_media":11623,"parent":0,"menu_order":0,"comment_status":"closed","ping_status":"closed","template":"","meta":{"content-type":"","_monsterinsights_skip_tracking":false,"_monsterinsights_sitenote_active":false,"_monsterinsights_sitenote_note":"","_monsterinsights_sitenote_category":0,"footnotes":""},"class_list":["post-12261","page","type-page","status-publish","has-post-thumbnail","hentry"],"yoast_head":"<!-- This site is optimized with the Yoast SEO plugin v27.1.1 - https:\/\/yoast.com\/product\/yoast-seo-wordpress\/ -->\n<title>Actualit\u00e9s - Datama<\/title>\n<meta name=\"description\" content=\"Articles et actualit\u00e9s sur l&#039;entreprise Datama et l&#039;analyse de donn\u00e9es \u00e0 travers les solutions fournies par Datama.\" \/>\n<meta name=\"robots\" content=\"index, follow, max-snippet:-1, max-image-preview:large, max-video-preview:-1\" \/>\n<link rel=\"canonical\" href=\"https:\/\/datama.io\/fr\/actualites\/\" \/>\n<meta property=\"og:locale\" content=\"fr_FR\" \/>\n<meta property=\"og:type\" content=\"article\" \/>\n<meta property=\"og:title\" content=\"Actualit\u00e9s - Datama\" \/>\n<meta property=\"og:description\" content=\"Articles et actualit\u00e9s sur l&#039;entreprise Datama et l&#039;analyse de donn\u00e9es \u00e0 travers les solutions fournies par Datama.\" \/>\n<meta property=\"og:url\" content=\"https:\/\/datama.io\/fr\/actualites\/\" \/>\n<meta property=\"og:site_name\" content=\"Datama\" \/>\n<meta property=\"article:modified_time\" content=\"2025-02-04T17:46:51+00:00\" \/>\n<meta property=\"og:image\" content=\"https:\/\/datama.io\/wp-content\/uploads\/2024\/01\/blog-2.png\" \/>\n\t<meta property=\"og:image:width\" content=\"2452\" \/>\n\t<meta property=\"og:image:height\" content=\"1861\" \/>\n\t<meta property=\"og:image:type\" content=\"image\/png\" \/>\n<meta name=\"twitter:card\" content=\"summary_large_image\" \/>\n<meta name=\"twitter:site\" content=\"@datama_solution\" \/>\n<meta name=\"twitter:label1\" content=\"Dur\u00e9e de lecture estim\u00e9e\" \/>\n\t<meta name=\"twitter:data1\" content=\"20 minutes\" \/>\n<script type=\"application\/ld+json\" class=\"yoast-schema-graph\">{\"@context\":\"https:\/\/schema.org\",\"@graph\":[{\"@type\":\"WebPage\",\"@id\":\"https:\/\/datama.io\/fr\/actualites\/\",\"url\":\"https:\/\/datama.io\/fr\/actualites\/\",\"name\":\"Actualit\u00e9s - Datama\",\"isPartOf\":{\"@id\":\"https:\/\/datama.io\/fr\/#website\"},\"primaryImageOfPage\":{\"@id\":\"https:\/\/datama.io\/fr\/actualites\/#primaryimage\"},\"image\":{\"@id\":\"https:\/\/datama.io\/fr\/actualites\/#primaryimage\"},\"thumbnailUrl\":\"https:\/\/datama.io\/wp-content\/uploads\/2024\/01\/blog-2.png\",\"datePublished\":\"2023-12-19T16:59:42+00:00\",\"dateModified\":\"2025-02-04T17:46:51+00:00\",\"description\":\"Articles et actualit\u00e9s sur l'entreprise Datama et l'analyse de donn\u00e9es \u00e0 travers les solutions fournies par Datama.\",\"breadcrumb\":{\"@id\":\"https:\/\/datama.io\/fr\/actualites\/#breadcrumb\"},\"inLanguage\":\"fr-FR\",\"potentialAction\":[{\"@type\":\"ReadAction\",\"target\":[\"https:\/\/datama.io\/fr\/actualites\/\"]}]},{\"@type\":\"ImageObject\",\"inLanguage\":\"fr-FR\",\"@id\":\"https:\/\/datama.io\/fr\/actualites\/#primaryimage\",\"url\":\"https:\/\/datama.io\/wp-content\/uploads\/2024\/01\/blog-2.png\",\"contentUrl\":\"https:\/\/datama.io\/wp-content\/uploads\/2024\/01\/blog-2.png\",\"width\":2452,\"height\":1861},{\"@type\":\"BreadcrumbList\",\"@id\":\"https:\/\/datama.io\/fr\/actualites\/#breadcrumb\",\"itemListElement\":[{\"@type\":\"ListItem\",\"position\":1,\"name\":\"Accueil\",\"item\":\"https:\/\/datama.io\/fr\/accueil\/\"},{\"@type\":\"ListItem\",\"position\":2,\"name\":\"Actualit\u00e9s\"}]},{\"@type\":\"WebSite\",\"@id\":\"https:\/\/datama.io\/fr\/#website\",\"url\":\"https:\/\/datama.io\/fr\/\",\"name\":\"Datama\",\"description\":\"\",\"publisher\":{\"@id\":\"https:\/\/datama.io\/fr\/#organization\"},\"potentialAction\":[{\"@type\":\"SearchAction\",\"target\":{\"@type\":\"EntryPoint\",\"urlTemplate\":\"https:\/\/datama.io\/fr\/?s={search_term_string}\"},\"query-input\":{\"@type\":\"PropertyValueSpecification\",\"valueRequired\":true,\"valueName\":\"search_term_string\"}}],\"inLanguage\":\"fr-FR\"},{\"@type\":\"Organization\",\"@id\":\"https:\/\/datama.io\/fr\/#organization\",\"name\":\"Datama\",\"url\":\"https:\/\/datama.io\/fr\/\",\"logo\":{\"@type\":\"ImageObject\",\"inLanguage\":\"fr-FR\",\"@id\":\"https:\/\/datama.io\/fr\/#\/schema\/logo\/image\/\",\"url\":\"https:\/\/datama.io\/wp-content\/uploads\/2023\/12\/cropped-Logo-Datama.png\",\"contentUrl\":\"https:\/\/datama.io\/wp-content\/uploads\/2023\/12\/cropped-Logo-Datama.png\",\"width\":400,\"height\":100,\"caption\":\"Datama\"},\"image\":{\"@id\":\"https:\/\/datama.io\/fr\/#\/schema\/logo\/image\/\"},\"sameAs\":[\"https:\/\/x.com\/datama_solution\",\"https:\/\/www.linkedin.com\/company\/datama\/\",\"https:\/\/www.youtube.com\/channel\/UCoxfesECCiubm0XLCXcN3TA\/featured\"]}]}<\/script>\n<!-- \/ Yoast SEO plugin. -->","yoast_head_json":{"title":"Actualit\u00e9s - Datama","description":"Articles et actualit\u00e9s sur l'entreprise Datama et l'analyse de donn\u00e9es \u00e0 travers les solutions fournies par Datama.","robots":{"index":"index","follow":"follow","max-snippet":"max-snippet:-1","max-image-preview":"max-image-preview:large","max-video-preview":"max-video-preview:-1"},"canonical":"https:\/\/datama.io\/fr\/actualites\/","og_locale":"fr_FR","og_type":"article","og_title":"Actualit\u00e9s - Datama","og_description":"Articles et actualit\u00e9s sur l'entreprise Datama et l'analyse de donn\u00e9es \u00e0 travers les solutions fournies par Datama.","og_url":"https:\/\/datama.io\/fr\/actualites\/","og_site_name":"Datama","article_modified_time":"2025-02-04T17:46:51+00:00","og_image":[{"width":2452,"height":1861,"url":"https:\/\/datama.io\/wp-content\/uploads\/2024\/01\/blog-2.png","type":"image\/png"}],"twitter_card":"summary_large_image","twitter_site":"@datama_solution","twitter_misc":{"Dur\u00e9e de lecture estim\u00e9e":"20 minutes"},"schema":{"@context":"https:\/\/schema.org","@graph":[{"@type":"WebPage","@id":"https:\/\/datama.io\/fr\/actualites\/","url":"https:\/\/datama.io\/fr\/actualites\/","name":"Actualit\u00e9s - Datama","isPartOf":{"@id":"https:\/\/datama.io\/fr\/#website"},"primaryImageOfPage":{"@id":"https:\/\/datama.io\/fr\/actualites\/#primaryimage"},"image":{"@id":"https:\/\/datama.io\/fr\/actualites\/#primaryimage"},"thumbnailUrl":"https:\/\/datama.io\/wp-content\/uploads\/2024\/01\/blog-2.png","datePublished":"2023-12-19T16:59:42+00:00","dateModified":"2025-02-04T17:46:51+00:00","description":"Articles et actualit\u00e9s sur l'entreprise Datama et l'analyse de donn\u00e9es \u00e0 travers les solutions fournies par Datama.","breadcrumb":{"@id":"https:\/\/datama.io\/fr\/actualites\/#breadcrumb"},"inLanguage":"fr-FR","potentialAction":[{"@type":"ReadAction","target":["https:\/\/datama.io\/fr\/actualites\/"]}]},{"@type":"ImageObject","inLanguage":"fr-FR","@id":"https:\/\/datama.io\/fr\/actualites\/#primaryimage","url":"https:\/\/datama.io\/wp-content\/uploads\/2024\/01\/blog-2.png","contentUrl":"https:\/\/datama.io\/wp-content\/uploads\/2024\/01\/blog-2.png","width":2452,"height":1861},{"@type":"BreadcrumbList","@id":"https:\/\/datama.io\/fr\/actualites\/#breadcrumb","itemListElement":[{"@type":"ListItem","position":1,"name":"Accueil","item":"https:\/\/datama.io\/fr\/accueil\/"},{"@type":"ListItem","position":2,"name":"Actualit\u00e9s"}]},{"@type":"WebSite","@id":"https:\/\/datama.io\/fr\/#website","url":"https:\/\/datama.io\/fr\/","name":"Datama","description":"","publisher":{"@id":"https:\/\/datama.io\/fr\/#organization"},"potentialAction":[{"@type":"SearchAction","target":{"@type":"EntryPoint","urlTemplate":"https:\/\/datama.io\/fr\/?s={search_term_string}"},"query-input":{"@type":"PropertyValueSpecification","valueRequired":true,"valueName":"search_term_string"}}],"inLanguage":"fr-FR"},{"@type":"Organization","@id":"https:\/\/datama.io\/fr\/#organization","name":"Datama","url":"https:\/\/datama.io\/fr\/","logo":{"@type":"ImageObject","inLanguage":"fr-FR","@id":"https:\/\/datama.io\/fr\/#\/schema\/logo\/image\/","url":"https:\/\/datama.io\/wp-content\/uploads\/2023\/12\/cropped-Logo-Datama.png","contentUrl":"https:\/\/datama.io\/wp-content\/uploads\/2023\/12\/cropped-Logo-Datama.png","width":400,"height":100,"caption":"Datama"},"image":{"@id":"https:\/\/datama.io\/fr\/#\/schema\/logo\/image\/"},"sameAs":["https:\/\/x.com\/datama_solution","https:\/\/www.linkedin.com\/company\/datama\/","https:\/\/www.youtube.com\/channel\/UCoxfesECCiubm0XLCXcN3TA\/featured"]}]}},"_links":{"self":[{"href":"https:\/\/datama.io\/fr\/wp-json\/wp\/v2\/pages\/12261","targetHints":{"allow":["GET"]}}],"collection":[{"href":"https:\/\/datama.io\/fr\/wp-json\/wp\/v2\/pages"}],"about":[{"href":"https:\/\/datama.io\/fr\/wp-json\/wp\/v2\/types\/page"}],"author":[{"embeddable":true,"href":"https:\/\/datama.io\/fr\/wp-json\/wp\/v2\/users\/1"}],"replies":[{"embeddable":true,"href":"https:\/\/datama.io\/fr\/wp-json\/wp\/v2\/comments?post=12261"}],"version-history":[{"count":6,"href":"https:\/\/datama.io\/fr\/wp-json\/wp\/v2\/pages\/12261\/revisions"}],"predecessor-version":[{"id":16723,"href":"https:\/\/datama.io\/fr\/wp-json\/wp\/v2\/pages\/12261\/revisions\/16723"}],"wp:featuredmedia":[{"embeddable":true,"href":"https:\/\/datama.io\/fr\/wp-json\/wp\/v2\/media\/11623"}],"wp:attachment":[{"href":"https:\/\/datama.io\/fr\/wp-json\/wp\/v2\/media?parent=12261"}],"curies":[{"name":"wp","href":"https:\/\/api.w.org\/{rel}","templated":true}]}}